{"id":111,"date":"2025-02-20T10:09:37","date_gmt":"2025-02-20T10:09:37","guid":{"rendered":"https:\/\/surf.lamaga.es\/inicio\/"},"modified":"2025-03-20T08:32:51","modified_gmt":"2025-03-20T08:32:51","slug":"inicio","status":"publish","type":"page","link":"https:\/\/surf.lamaga.es\/","title":{"rendered":""},"content":{"rendered":"\t\t<div data-elementor-type=\"wp-page\" data-elementor-id=\"111\" class=\"elementor elementor-111\">\n\t\t\t\t<div class=\"elementor-element elementor-element-6615fb1 e-flex e-con-boxed e-con e-parent\" data-id=\"6615fb1\" data-element_type=\"container\">\n\t\t\t\t\t<div class=\"e-con-inner\">\n\t\t\t\t<div class=\"elementor-element elementor-element-1790f92 elementor-widget elementor-widget-spacer\" data-id=\"1790f92\" data-element_type=\"widget\" data-widget_type=\"spacer.default\">\n\t\t\t\t<div class=\"elementor-widget-container\">\n\t\t\t\t\t\t\t<div class=\"elementor-spacer\">\n\t\t\t<div class=\"elementor-spacer-inner\"><\/div>\n\t\t<\/div>\n\t\t\t\t\t\t<\/div>\n\t\t\t\t<\/div>\n\t\t\t\t\t<\/div>\n\t\t\t\t<\/div>\n\t\t<div class=\"elementor-element elementor-element-5524da0 e-grid e-con-boxed e-con e-parent\" data-id=\"5524da0\" data-element_type=\"container\">\n\t\t\t\t\t<div class=\"e-con-inner\">\n\t\t\t\t<div class=\"elementor-element elementor-element-8e887b5 e-transform elementor-invisible elementor-widget elementor-widget-video\" data-id=\"8e887b5\" data-element_type=\"widget\" data-settings=\"{&quot;video_type&quot;:&quot;hosted&quot;,&quot;mute&quot;:&quot;yes&quot;,&quot;loop&quot;:&quot;yes&quot;,&quot;_animation&quot;:&quot;bounceIn&quot;,&quot;_transform_scale_effect_hover&quot;:{&quot;unit&quot;:&quot;px&quot;,&quot;size&quot;:1.1,&quot;sizes&quot;:[]},&quot;autoplay&quot;:&quot;yes&quot;,&quot;_transform_scale_effect_hover_tablet&quot;:{&quot;unit&quot;:&quot;px&quot;,&quot;size&quot;:&quot;&quot;,&quot;sizes&quot;:[]},&quot;_transform_scale_effect_hover_mobile&quot;:{&quot;unit&quot;:&quot;px&quot;,&quot;size&quot;:&quot;&quot;,&quot;sizes&quot;:[]}}\" data-widget_type=\"video.default\">\n\t\t\t\t<div class=\"elementor-widget-container\">\n\t\t\t\t\t\t\t<div class=\"e-hosted-video elementor-wrapper elementor-open-inline\">\n\t\t\t\t\t<video class=\"elementor-video\" src=\"https:\/\/surf.lamaga.es\/wp-content\/uploads\/2025\/03\/Flyer-para-profesor-de-surf-retro-en-azul-claro-y-blanco-Video-para-Facebook-2.mp4\" autoplay=\"\" loop=\"\" muted=\"muted\" controlsList=\"nodownload\"><\/video>\n\t\t\t\t<\/div>\n\t\t\t\t\t\t<\/div>\n\t\t\t\t<\/div>\n\t\t<div class=\"elementor-element elementor-element-bea7e71 e-con-full e-flex e-con e-child\" data-id=\"bea7e71\" data-element_type=\"container\">\n\t\t\t\t<div class=\"elementor-element elementor-element-f6e3bec elementor-widget elementor-widget-heading\" data-id=\"f6e3bec\" data-element_type=\"widget\" data-widget_type=\"heading.default\">\n\t\t\t\t<div class=\"elementor-widget-container\">\n\t\t\t\t\t<h2 class=\"elementor-heading-title elementor-size-default\">Bienvenidos a La Maga Surf<\/h2>\t\t\t\t<\/div>\n\t\t\t\t<\/div>\n\t\t\t\t<div class=\"elementor-element elementor-element-1a65144 elementor-widget elementor-widget-text-editor\" data-id=\"1a65144\" data-element_type=\"widget\" data-widget_type=\"text-editor.default\">\n\t\t\t\t<div class=\"elementor-widget-container\">\n\t\t\t\t\t\t\t\t\t<p data-pm-slice=\"1 1 []\">Descubre la mejor escuela de surf en C\u00e1diz, un espacio donde el mar y la pasi\u00f3n por el deporte se unen para brindarte una experiencia \u00fanica. En La Maga Surf, combinamos la ense\u00f1anza del surf con un enfoque educativo y social, fomentando valores como el compa\u00f1erismo, la superaci\u00f3n y el respeto por el medio ambiente.<\/p>\t\t\t\t\t\t\t\t<\/div>\n\t\t\t\t<\/div>\n\t\t\t\t<div class=\"elementor-element elementor-element-6b23b55 elementor-widget elementor-widget-spacer\" data-id=\"6b23b55\" data-element_type=\"widget\" data-widget_type=\"spacer.default\">\n\t\t\t\t<div class=\"elementor-widget-container\">\n\t\t\t\t\t\t\t<div class=\"elementor-spacer\">\n\t\t\t<div class=\"elementor-spacer-inner\"><\/div>\n\t\t<\/div>\n\t\t\t\t\t\t<\/div>\n\t\t\t\t<\/div>\n\t\t<div class=\"elementor-element elementor-element-b50fb8a e-grid e-con-full e-con e-child\" data-id=\"b50fb8a\" data-element_type=\"container\">\n\t\t\t\t<div class=\"elementor-element elementor-element-394f46c e-transform elementor-invisible elementor-widget elementor-widget-image\" data-id=\"394f46c\" data-element_type=\"widget\" data-settings=\"{&quot;_animation&quot;:&quot;slideInUp&quot;,&quot;_transform_scale_effect_hover&quot;:{&quot;unit&quot;:&quot;px&quot;,&quot;size&quot;:1.1,&quot;sizes&quot;:[]},&quot;_transform_scale_effect_hover_tablet&quot;:{&quot;unit&quot;:&quot;px&quot;,&quot;size&quot;:&quot;&quot;,&quot;sizes&quot;:[]},&quot;_transform_scale_effect_hover_mobile&quot;:{&quot;unit&quot;:&quot;px&quot;,&quot;size&quot;:&quot;&quot;,&quot;sizes&quot;:[]}}\" data-widget_type=\"image.default\">\n\t\t\t\t<div class=\"elementor-widget-container\">\n\t\t\t\t\t\t\t\t\t\t\t\t\t\t\t<img fetchpriority=\"high\" decoding=\"async\" width=\"1024\" height=\"1024\" src=\"https:\/\/surf.lamaga.es\/wp-content\/uploads\/2025\/03\/Flyer-para-profesor-de-surf-retro-en-azul-claro-y-blanco-Video-para-Facebook-3-1-1024x1024.png\" class=\"attachment-large size-large wp-image-246\" alt=\"\" srcset=\"https:\/\/surf.lamaga.es\/wp-content\/uploads\/2025\/03\/Flyer-para-profesor-de-surf-retro-en-azul-claro-y-blanco-Video-para-Facebook-3-1-1024x1024.png 1024w, https:\/\/surf.lamaga.es\/wp-content\/uploads\/2025\/03\/Flyer-para-profesor-de-surf-retro-en-azul-claro-y-blanco-Video-para-Facebook-3-1-300x300.png 300w, https:\/\/surf.lamaga.es\/wp-content\/uploads\/2025\/03\/Flyer-para-profesor-de-surf-retro-en-azul-claro-y-blanco-Video-para-Facebook-3-1-150x150.png 150w, https:\/\/surf.lamaga.es\/wp-content\/uploads\/2025\/03\/Flyer-para-profesor-de-surf-retro-en-azul-claro-y-blanco-Video-para-Facebook-3-1-768x768.png 768w, https:\/\/surf.lamaga.es\/wp-content\/uploads\/2025\/03\/Flyer-para-profesor-de-surf-retro-en-azul-claro-y-blanco-Video-para-Facebook-3-1.png 1080w\" sizes=\"(max-width: 1024px) 100vw, 1024px\" \/>\t\t\t\t\t\t\t\t\t\t\t\t\t\t\t<\/div>\n\t\t\t\t<\/div>\n\t\t\t\t<div class=\"elementor-element elementor-element-359664e e-transform elementor-invisible elementor-widget elementor-widget-image\" data-id=\"359664e\" data-element_type=\"widget\" data-settings=\"{&quot;_animation&quot;:&quot;slideInUp&quot;,&quot;_transform_scale_effect_hover&quot;:{&quot;unit&quot;:&quot;px&quot;,&quot;size&quot;:1.1,&quot;sizes&quot;:[]},&quot;_transform_scale_effect_hover_tablet&quot;:{&quot;unit&quot;:&quot;px&quot;,&quot;size&quot;:&quot;&quot;,&quot;sizes&quot;:[]},&quot;_transform_scale_effect_hover_mobile&quot;:{&quot;unit&quot;:&quot;px&quot;,&quot;size&quot;:&quot;&quot;,&quot;sizes&quot;:[]}}\" data-widget_type=\"image.default\">\n\t\t\t\t<div class=\"elementor-widget-container\">\n\t\t\t\t\t\t\t\t\t\t\t\t\t\t\t<img decoding=\"async\" width=\"1024\" height=\"1024\" src=\"https:\/\/surf.lamaga.es\/wp-content\/uploads\/2025\/03\/Flyer-para-profesor-de-surf-retro-en-azul-claro-y-blanco-Video-para-Facebook-4-1024x1024.png\" class=\"attachment-large size-large wp-image-251\" alt=\"\" srcset=\"https:\/\/surf.lamaga.es\/wp-content\/uploads\/2025\/03\/Flyer-para-profesor-de-surf-retro-en-azul-claro-y-blanco-Video-para-Facebook-4-1024x1024.png 1024w, https:\/\/surf.lamaga.es\/wp-content\/uploads\/2025\/03\/Flyer-para-profesor-de-surf-retro-en-azul-claro-y-blanco-Video-para-Facebook-4-300x300.png 300w, https:\/\/surf.lamaga.es\/wp-content\/uploads\/2025\/03\/Flyer-para-profesor-de-surf-retro-en-azul-claro-y-blanco-Video-para-Facebook-4-150x150.png 150w, https:\/\/surf.lamaga.es\/wp-content\/uploads\/2025\/03\/Flyer-para-profesor-de-surf-retro-en-azul-claro-y-blanco-Video-para-Facebook-4-768x768.png 768w, https:\/\/surf.lamaga.es\/wp-content\/uploads\/2025\/03\/Flyer-para-profesor-de-surf-retro-en-azul-claro-y-blanco-Video-para-Facebook-4.png 1080w\" sizes=\"(max-width: 1024px) 100vw, 1024px\" \/>\t\t\t\t\t\t\t\t\t\t\t\t\t\t\t<\/div>\n\t\t\t\t<\/div>\n\t\t\t\t<\/div>\n\t\t\t\t<\/div>\n\t\t\t\t\t<\/div>\n\t\t\t\t<\/div>\n\t\t<div class=\"elementor-element elementor-element-eeb6ec9 e-flex e-con-boxed e-con e-parent\" data-id=\"eeb6ec9\" data-element_type=\"container\">\n\t\t\t\t\t<div class=\"e-con-inner\">\n\t\t\t\t<div class=\"elementor-element elementor-element-68ffd96 elementor-widget elementor-widget-heading\" data-id=\"68ffd96\" data-element_type=\"widget\" data-widget_type=\"heading.default\">\n\t\t\t\t<div class=\"elementor-widget-container\">\n\t\t\t\t\t<h2 class=\"elementor-heading-title elementor-size-default\">Nuestra filosof\u00eda<\/h2>\t\t\t\t<\/div>\n\t\t\t\t<\/div>\n\t\t\t\t<div class=\"elementor-element elementor-element-c5fe3b8 elementor-widget elementor-widget-text-editor\" data-id=\"c5fe3b8\" data-element_type=\"widget\" data-widget_type=\"text-editor.default\">\n\t\t\t\t<div class=\"elementor-widget-container\">\n\t\t\t\t\t\t\t\t\t<p>Desde La Maga Surf creemos que el surf es m\u00e1s que un deporte: es una forma de vida. Nuestro objetivo es acercar el mar a todas las personas, sin importar la edad o la experiencia, creando un ambiente inclusivo y divertido para todos.<\/p>\t\t\t\t\t\t\t\t<\/div>\n\t\t\t\t<\/div>\n\t\t<div class=\"elementor-element elementor-element-5c8bcc1 e-grid e-con-full e-con e-child\" data-id=\"5c8bcc1\" data-element_type=\"container\">\n\t\t<div class=\"elementor-element elementor-element-53b92ee e-con-full e-flex e-con e-child\" data-id=\"53b92ee\" data-element_type=\"container\">\n\t\t\t\t<div class=\"elementor-element elementor-element-cd9f748 e-transform elementor-invisible elementor-widget elementor-widget-image\" data-id=\"cd9f748\" data-element_type=\"widget\" data-settings=\"{&quot;_animation&quot;:&quot;slideInUp&quot;,&quot;_transform_scale_effect_hover&quot;:{&quot;unit&quot;:&quot;px&quot;,&quot;size&quot;:1.1,&quot;sizes&quot;:[]},&quot;_transform_scale_effect_hover_tablet&quot;:{&quot;unit&quot;:&quot;px&quot;,&quot;size&quot;:&quot;&quot;,&quot;sizes&quot;:[]},&quot;_transform_scale_effect_hover_mobile&quot;:{&quot;unit&quot;:&quot;px&quot;,&quot;size&quot;:&quot;&quot;,&quot;sizes&quot;:[]}}\" data-widget_type=\"image.default\">\n\t\t\t\t<div class=\"elementor-widget-container\">\n\t\t\t\t\t\t\t\t\t\t\t\t\t\t\t<img decoding=\"async\" width=\"1024\" height=\"1024\" src=\"https:\/\/surf.lamaga.es\/wp-content\/uploads\/2025\/03\/7-1024x1024.png\" class=\"attachment-large size-large wp-image-255\" alt=\"\" srcset=\"https:\/\/surf.lamaga.es\/wp-content\/uploads\/2025\/03\/7-1024x1024.png 1024w, https:\/\/surf.lamaga.es\/wp-content\/uploads\/2025\/03\/7-300x300.png 300w, https:\/\/surf.lamaga.es\/wp-content\/uploads\/2025\/03\/7-150x150.png 150w, https:\/\/surf.lamaga.es\/wp-content\/uploads\/2025\/03\/7-768x768.png 768w, https:\/\/surf.lamaga.es\/wp-content\/uploads\/2025\/03\/7.png 1080w\" sizes=\"(max-width: 1024px) 100vw, 1024px\" \/>\t\t\t\t\t\t\t\t\t\t\t\t\t\t\t<\/div>\n\t\t\t\t<\/div>\n\t\t\t\t<div class=\"elementor-element elementor-element-5641796 elementor-widget elementor-widget-heading\" data-id=\"5641796\" data-element_type=\"widget\" data-widget_type=\"heading.default\">\n\t\t\t\t<div class=\"elementor-widget-container\">\n\t\t\t\t\t<h2 class=\"elementor-heading-title elementor-size-default\">FAMILIAS Y NI\u00d1OS<\/h2>\t\t\t\t<\/div>\n\t\t\t\t<\/div>\n\t\t\t\t<\/div>\n\t\t<div class=\"elementor-element elementor-element-53ae0a8 e-con-full e-flex e-con e-child\" data-id=\"53ae0a8\" data-element_type=\"container\">\n\t\t\t\t<div class=\"elementor-element elementor-element-cb192ab e-transform elementor-invisible elementor-widget elementor-widget-image\" data-id=\"cb192ab\" data-element_type=\"widget\" data-settings=\"{&quot;_animation&quot;:&quot;slideInUp&quot;,&quot;_transform_scale_effect_hover&quot;:{&quot;unit&quot;:&quot;px&quot;,&quot;size&quot;:1.1,&quot;sizes&quot;:[]},&quot;_transform_scale_effect_hover_tablet&quot;:{&quot;unit&quot;:&quot;px&quot;,&quot;size&quot;:&quot;&quot;,&quot;sizes&quot;:[]},&quot;_transform_scale_effect_hover_mobile&quot;:{&quot;unit&quot;:&quot;px&quot;,&quot;size&quot;:&quot;&quot;,&quot;sizes&quot;:[]}}\" data-widget_type=\"image.default\">\n\t\t\t\t<div class=\"elementor-widget-container\">\n\t\t\t\t\t\t\t\t\t\t\t\t\t\t\t<img loading=\"lazy\" decoding=\"async\" width=\"1024\" height=\"1024\" src=\"https:\/\/surf.lamaga.es\/wp-content\/uploads\/2025\/03\/8-1024x1024.png\" class=\"attachment-large size-large wp-image-256\" alt=\"\" srcset=\"https:\/\/surf.lamaga.es\/wp-content\/uploads\/2025\/03\/8-1024x1024.png 1024w, https:\/\/surf.lamaga.es\/wp-content\/uploads\/2025\/03\/8-300x300.png 300w, https:\/\/surf.lamaga.es\/wp-content\/uploads\/2025\/03\/8-150x150.png 150w, https:\/\/surf.lamaga.es\/wp-content\/uploads\/2025\/03\/8-768x768.png 768w, https:\/\/surf.lamaga.es\/wp-content\/uploads\/2025\/03\/8.png 1080w\" sizes=\"(max-width: 1024px) 100vw, 1024px\" \/>\t\t\t\t\t\t\t\t\t\t\t\t\t\t\t<\/div>\n\t\t\t\t<\/div>\n\t\t\t\t<div class=\"elementor-element elementor-element-499121e elementor-widget elementor-widget-heading\" data-id=\"499121e\" data-element_type=\"widget\" data-widget_type=\"heading.default\">\n\t\t\t\t<div class=\"elementor-widget-container\">\n\t\t\t\t\t<h2 class=\"elementor-heading-title elementor-size-default\">BAUTISMO DE SURF<\/h2>\t\t\t\t<\/div>\n\t\t\t\t<\/div>\n\t\t\t\t<\/div>\n\t\t<div class=\"elementor-element elementor-element-b3b114a e-con-full e-flex e-con e-child\" data-id=\"b3b114a\" data-element_type=\"container\">\n\t\t\t\t<div class=\"elementor-element elementor-element-f282c3e e-transform elementor-invisible elementor-widget elementor-widget-image\" data-id=\"f282c3e\" data-element_type=\"widget\" data-settings=\"{&quot;_animation&quot;:&quot;slideInUp&quot;,&quot;_transform_scale_effect_hover&quot;:{&quot;unit&quot;:&quot;px&quot;,&quot;size&quot;:1.1,&quot;sizes&quot;:[]},&quot;_transform_scale_effect_hover_tablet&quot;:{&quot;unit&quot;:&quot;px&quot;,&quot;size&quot;:&quot;&quot;,&quot;sizes&quot;:[]},&quot;_transform_scale_effect_hover_mobile&quot;:{&quot;unit&quot;:&quot;px&quot;,&quot;size&quot;:&quot;&quot;,&quot;sizes&quot;:[]}}\" data-widget_type=\"image.default\">\n\t\t\t\t<div class=\"elementor-widget-container\">\n\t\t\t\t\t\t\t\t\t\t\t\t\t\t\t<img loading=\"lazy\" decoding=\"async\" width=\"1024\" height=\"1024\" src=\"https:\/\/surf.lamaga.es\/wp-content\/uploads\/2025\/03\/9-1024x1024.png\" class=\"attachment-large size-large wp-image-257\" alt=\"\" srcset=\"https:\/\/surf.lamaga.es\/wp-content\/uploads\/2025\/03\/9-1024x1024.png 1024w, https:\/\/surf.lamaga.es\/wp-content\/uploads\/2025\/03\/9-300x300.png 300w, https:\/\/surf.lamaga.es\/wp-content\/uploads\/2025\/03\/9-150x150.png 150w, https:\/\/surf.lamaga.es\/wp-content\/uploads\/2025\/03\/9-768x768.png 768w, https:\/\/surf.lamaga.es\/wp-content\/uploads\/2025\/03\/9.png 1080w\" sizes=\"(max-width: 1024px) 100vw, 1024px\" \/>\t\t\t\t\t\t\t\t\t\t\t\t\t\t\t<\/div>\n\t\t\t\t<\/div>\n\t\t\t\t<div class=\"elementor-element elementor-element-9a5fb3a elementor-widget elementor-widget-heading\" data-id=\"9a5fb3a\" data-element_type=\"widget\" data-widget_type=\"heading.default\">\n\t\t\t\t<div class=\"elementor-widget-container\">\n\t\t\t\t\t<h2 class=\"elementor-heading-title elementor-size-default\">CLASES PERSONALES INTENSIVAS<\/h2>\t\t\t\t<\/div>\n\t\t\t\t<\/div>\n\t\t\t\t<\/div>\n\t\t<div class=\"elementor-element elementor-element-3e68100 e-con-full e-flex e-con e-child\" data-id=\"3e68100\" data-element_type=\"container\">\n\t\t\t\t<div class=\"elementor-element elementor-element-6cfacb8 e-transform elementor-invisible elementor-widget elementor-widget-image\" data-id=\"6cfacb8\" data-element_type=\"widget\" data-settings=\"{&quot;_animation&quot;:&quot;slideInUp&quot;,&quot;_transform_scale_effect_hover&quot;:{&quot;unit&quot;:&quot;px&quot;,&quot;size&quot;:1.1,&quot;sizes&quot;:[]},&quot;_transform_scale_effect_hover_tablet&quot;:{&quot;unit&quot;:&quot;px&quot;,&quot;size&quot;:&quot;&quot;,&quot;sizes&quot;:[]},&quot;_transform_scale_effect_hover_mobile&quot;:{&quot;unit&quot;:&quot;px&quot;,&quot;size&quot;:&quot;&quot;,&quot;sizes&quot;:[]}}\" data-widget_type=\"image.default\">\n\t\t\t\t<div class=\"elementor-widget-container\">\n\t\t\t\t\t\t\t\t\t\t\t\t\t\t\t<img loading=\"lazy\" decoding=\"async\" width=\"1024\" height=\"1024\" src=\"https:\/\/surf.lamaga.es\/wp-content\/uploads\/2025\/03\/10-1024x1024.png\" class=\"attachment-large size-large wp-image-258\" alt=\"\" srcset=\"https:\/\/surf.lamaga.es\/wp-content\/uploads\/2025\/03\/10-1024x1024.png 1024w, https:\/\/surf.lamaga.es\/wp-content\/uploads\/2025\/03\/10-300x300.png 300w, https:\/\/surf.lamaga.es\/wp-content\/uploads\/2025\/03\/10-150x150.png 150w, https:\/\/surf.lamaga.es\/wp-content\/uploads\/2025\/03\/10-768x768.png 768w, https:\/\/surf.lamaga.es\/wp-content\/uploads\/2025\/03\/10.png 1080w\" sizes=\"(max-width: 1024px) 100vw, 1024px\" \/>\t\t\t\t\t\t\t\t\t\t\t\t\t\t\t<\/div>\n\t\t\t\t<\/div>\n\t\t\t\t<div class=\"elementor-element elementor-element-8d99848 elementor-widget elementor-widget-heading\" data-id=\"8d99848\" data-element_type=\"widget\" data-widget_type=\"heading.default\">\n\t\t\t\t<div class=\"elementor-widget-container\">\n\t\t\t\t\t<h2 class=\"elementor-heading-title elementor-size-default\">COACHING DE T\u00c9CNICA<\/h2>\t\t\t\t<\/div>\n\t\t\t\t<\/div>\n\t\t\t\t<\/div>\n\t\t\t\t<\/div>\n\t\t\t\t\t<\/div>\n\t\t\t\t<\/div>\n\t\t<div class=\"elementor-element elementor-element-858ce2a e-flex e-con-boxed e-con e-parent\" data-id=\"858ce2a\" data-element_type=\"container\">\n\t\t\t\t\t<div class=\"e-con-inner\">\n\t\t\t\t<div class=\"elementor-element elementor-element-c283249 elementor-widget elementor-widget-heading\" data-id=\"c283249\" data-element_type=\"widget\" data-widget_type=\"heading.default\">\n\t\t\t\t<div class=\"elementor-widget-container\">\n\t\t\t\t\t<h2 class=\"elementor-heading-title elementor-size-default\">Conf\u00edan en nosotros<\/h2>\t\t\t\t<\/div>\n\t\t\t\t<\/div>\n\t\t\t\t<div class=\"elementor-element elementor-element-a074cec elementor-arrows-position-inside elementor-pagination-position-outside elementor-widget elementor-widget-image-carousel\" data-id=\"a074cec\" data-element_type=\"widget\" data-settings=\"{&quot;slides_to_show&quot;:&quot;6&quot;,&quot;navigation&quot;:&quot;both&quot;,&quot;autoplay&quot;:&quot;yes&quot;,&quot;pause_on_hover&quot;:&quot;yes&quot;,&quot;pause_on_interaction&quot;:&quot;yes&quot;,&quot;autoplay_speed&quot;:5000,&quot;infinite&quot;:&quot;yes&quot;,&quot;speed&quot;:500}\" data-widget_type=\"image-carousel.default\">\n\t\t\t\t<div class=\"elementor-widget-container\">\n\t\t\t\t\t\t\t<div class=\"elementor-image-carousel-wrapper swiper\" role=\"region\" aria-roledescription=\"carousel\" aria-label=\"Carrusel de im\u00e1genes\" dir=\"ltr\">\n\t\t\t<div class=\"elementor-image-carousel swiper-wrapper\" aria-live=\"off\">\n\t\t\t\t\t\t\t\t<div class=\"swiper-slide\" role=\"group\" aria-roledescription=\"slide\" aria-label=\"1 de 1\"><figure class=\"swiper-slide-inner\"><img decoding=\"async\" class=\"swiper-slide-image\" src=\"https:\/\/surf.lamaga.es\/wp-content\/uploads\/2025\/03\/Logo-horizontal-RGB.png\" alt=\"Logo-horizontal-RGB\" \/><\/figure><\/div>\t\t\t<\/div>\n\t\t\t\t\t<\/div>\n\t\t\t\t\t\t<\/div>\n\t\t\t\t<\/div>\n\t\t\t\t\t<\/div>\n\t\t\t\t<\/div>\n\t\t\t\t<\/div>\n\t\t","protected":false},"excerpt":{"rendered":"<p>https:\/\/surf.lamaga.es\/wp-content\/uploads\/2025\/03\/Flyer-para-profesor-de-surf-retro-en-azul-claro-y-blanco-Video-para-Facebook-2.mp4 Bienvenidos a La Maga Surf Descubre la mejor escuela de surf en C\u00e1diz, un espacio donde el mar y la pasi\u00f3n por el deporte se unen para brindarte una experiencia \u00fanica. En La Maga Surf, combinamos la ense\u00f1anza del surf con un enfoque educativo y social, fomentando valores como el compa\u00f1erismo, la superaci\u00f3n y&#8230;<\/p>\n","protected":false},"author":1,"featured_media":89,"parent":0,"menu_order":0,"comment_status":"closed","ping_status":"closed","template":"","meta":{"_kadence_starter_templates_imported_post":false,"_kad_post_transparent":"","_kad_post_title":"","_kad_post_layout":"","_kad_post_sidebar_id":"","_kad_post_content_style":"","_kad_post_vertical_padding":"","_kad_post_feature":"","_kad_post_feature_position":"","_kad_post_header":false,"_kad_post_footer":false,"footnotes":""},"class_list":["post-111","page","type-page","status-publish","has-post-thumbnail","hentry"],"_links":{"self":[{"href":"https:\/\/surf.lamaga.es\/index.php?rest_route=\/wp\/v2\/pages\/111","targetHints":{"allow":["GET"]}}],"collection":[{"href":"https:\/\/surf.lamaga.es\/index.php?rest_route=\/wp\/v2\/pages"}],"about":[{"href":"https:\/\/surf.lamaga.es\/index.php?rest_route=\/wp\/v2\/types\/page"}],"author":[{"embeddable":true,"href":"https:\/\/surf.lamaga.es\/index.php?rest_route=\/wp\/v2\/users\/1"}],"replies":[{"embeddable":true,"href":"https:\/\/surf.lamaga.es\/index.php?rest_route=%2Fwp%2Fv2%2Fcomments&post=111"}],"version-history":[{"count":96,"href":"https:\/\/surf.lamaga.es\/index.php?rest_route=\/wp\/v2\/pages\/111\/revisions"}],"predecessor-version":[{"id":278,"href":"https:\/\/surf.lamaga.es\/index.php?rest_route=\/wp\/v2\/pages\/111\/revisions\/278"}],"wp:featuredmedia":[{"embeddable":true,"href":"https:\/\/surf.lamaga.es\/index.php?rest_route=\/wp\/v2\/media\/89"}],"wp:attachment":[{"href":"https:\/\/surf.lamaga.es\/index.php?rest_route=%2Fwp%2Fv2%2Fmedia&parent=111"}],"curies":[{"name":"wp","href":"https:\/\/api.w.org\/{rel}","templated":true}]}}